{"id":1222,"date":"2023-07-21T10:49:31","date_gmt":"2023-07-21T13:49:31","guid":{"rendered":"https:\/\/cristianenunes.com.br\/?page_id=1222"},"modified":"2023-08-16T21:20:23","modified_gmt":"2023-08-17T00:20:23","slug":"marcogeo-topografia","status":"publish","type":"page","link":"https:\/\/cristianenunes.com.br\/index.php\/marcogeo-topografia\/","title":{"rendered":"MarcoGeo Topografia"},"content":{"rendered":"\t\t<div data-elementor-type=\"wp-page\" data-elementor-id=\"1222\" class=\"elementor elementor-1222\">\n\t\t\t\t<div class=\"elementor-element elementor-element-30ab2cb e-flex e-con-boxed e-con e-parent\" data-id=\"30ab2cb\" data-element_type=\"container\" data-settings=\"{&quot;background_background&quot;:&quot;classic&quot;}\">\n\t\t\t\t\t<div class=\"e-con-inner\">\n\t\t\t\t\t<\/div>\n\t\t\t\t<\/div>\n\t\t<div class=\"elementor-element elementor-element-03b3e7c e-flex e-con-boxed e-con e-parent\" data-id=\"03b3e7c\" data-element_type=\"container\">\n\t\t\t\t\t<div class=\"e-con-inner\">\n\t\t<div class=\"elementor-element elementor-element-c9cf39f e-con-full e-flex e-con e-parent\" data-id=\"c9cf39f\" data-element_type=\"container\">\n\t\t\t\t<div class=\"elementor-element elementor-element-b05a574 elementor-widget elementor-widget-heading\" data-id=\"b05a574\" data-element_type=\"widget\" data-widget_type=\"heading.default\">\n\t\t\t\t<div class=\"elementor-widget-container\">\n\t\t\t\t\t<h2 class=\"elementor-heading-title elementor-size-default\">MARCOGEO<\/h2>\t\t\t\t<\/div>\n\t\t\t\t<\/div>\n\t\t\t\t<div class=\"elementor-element elementor-element-f368646 elementor-widget elementor-widget-heading\" data-id=\"f368646\" data-element_type=\"widget\" data-widget_type=\"heading.default\">\n\t\t\t\t<div class=\"elementor-widget-container\">\n\t\t\t\t\t<h2 class=\"elementor-heading-title elementor-size-default\">TOPOGRAFIA<\/h2>\t\t\t\t<\/div>\n\t\t\t\t<\/div>\n\t\t\t\t<\/div>\n\t\t<div class=\"elementor-element elementor-element-19aa7fa e-con-full e-flex e-con e-parent\" data-id=\"19aa7fa\" data-element_type=\"container\">\n\t\t\t\t<div class=\"elementor-element elementor-element-748e6cf elementor-widget elementor-widget-text-editor\" data-id=\"748e6cf\" data-element_type=\"widget\" data-widget_type=\"text-editor.default\">\n\t\t\t\t<div class=\"elementor-widget-container\">\n\t\t\t\t\t\t\t\t\t<p>A MarcoGeo Topografia \u00e9 especialista na elabora\u00e7\u00e3o&nbsp;<span style=\"font-style: inherit; font-weight: inherit; color: var( --e-global-color-text ); font-family: var( --e-global-typography-text-font-family ), Sans-serif; text-align: var(--text-align);\">de projetos Topogr\u00e1ficos, terraplanagem, loteamento,&nbsp;<\/span><span style=\"font-style: inherit; font-weight: inherit; color: var( --e-global-color-text ); font-family: var( --e-global-typography-text-font-family ), Sans-serif; text-align: var(--text-align);\">drenagem pluvial, redes de esgotos e distribui\u00e7\u00e3o de&nbsp;<\/span><span style=\"font-style: inherit; font-weight: inherit; color: var( --e-global-color-text ); font-family: var( --e-global-typography-text-font-family ), Sans-serif; text-align: var(--text-align);\">\u00e1gua. Georreferenciamento de im\u00f3veis urbanos e rurais,&nbsp;<\/span><span style=\"font-style: inherit; font-weight: inherit; color: var( --e-global-color-text ); font-family: var( --e-global-typography-text-font-family ), Sans-serif; text-align: var(--text-align);\">loca\u00e7\u00e3o e acompanhamento de obras.<\/span><\/p><p>Com 30 anos de experi\u00eancia no mercado,&nbsp;<span style=\"font-style: inherit; font-weight: inherit; color: var( --e-global-color-text ); font-family: var( --e-global-typography-text-font-family ), Sans-serif; text-align: var(--text-align);\">seu diferencial consiste na elabora\u00e7\u00e3o de&nbsp;<\/span><span style=\"font-style: inherit; font-weight: inherit; color: var( --e-global-color-text ); font-family: var( --e-global-typography-text-font-family ), Sans-serif; text-align: var(--text-align);\">projetos de alta complexidade, garantindo&nbsp;<\/span><span style=\"font-style: inherit; font-weight: inherit; color: var( --e-global-color-text ); font-family: var( --e-global-typography-text-font-family ), Sans-serif; text-align: var(--text-align);\">precis\u00e3o e qualidade aos seus clientes.<\/span><\/p>\t\t\t\t\t\t\t\t<\/div>\n\t\t\t\t<\/div>\n\t\t\t\t<\/div>\n\t\t\t\t\t<\/div>\n\t\t\t\t<\/div>\n\t\t<div class=\"elementor-element elementor-element-379afbf e-flex e-con-boxed e-con e-parent\" data-id=\"379afbf\" data-element_type=\"container\">\n\t\t\t\t\t<div class=\"e-con-inner\">\n\t\t<div class=\"elementor-element elementor-element-880c259 e-con-full e-flex e-con e-parent\" data-id=\"880c259\" data-element_type=\"container\" data-settings=\"{&quot;background_background&quot;:&quot;classic&quot;}\">\n\t\t\t\t<\/div>\n\t\t<div class=\"elementor-element elementor-element-228d553 e-con-full e-flex e-con e-parent\" data-id=\"228d553\" data-element_type=\"container\" data-settings=\"{&quot;background_background&quot;:&quot;classic&quot;}\">\n\t\t\t\t<\/div>\n\t\t\t\t\t<\/div>\n\t\t\t\t<\/div>\n\t\t<div class=\"elementor-element elementor-element-6341a3c e-flex e-con-boxed e-con e-parent\" data-id=\"6341a3c\" data-element_type=\"container\">\n\t\t\t\t\t<div class=\"e-con-inner\">\n\t\t<div class=\"elementor-element elementor-element-6ecfb71 e-con-full e-flex e-con e-parent\" data-id=\"6ecfb71\" data-element_type=\"container\" data-settings=\"{&quot;background_background&quot;:&quot;classic&quot;}\">\n\t\t\t\t<\/div>\n\t\t<div class=\"elementor-element elementor-element-4c5a9e8 e-con-full e-flex e-con e-parent\" data-id=\"4c5a9e8\" data-element_type=\"container\" data-settings=\"{&quot;background_background&quot;:&quot;classic&quot;}\">\n\t\t\t\t<\/div>\n\t\t\t\t\t<\/div>\n\t\t\t\t<\/div>\n\t\t<div class=\"elementor-element elementor-element-5197a17 e-flex e-con-boxed e-con e-parent\" data-id=\"5197a17\" data-element_type=\"container\">\n\t\t\t\t\t<div class=\"e-con-inner\">\n\t\t\t\t<div class=\"elementor-element elementor-element-1f42fa9 elementor-widget elementor-widget-image\" data-id=\"1f42fa9\" data-element_type=\"widget\" data-widget_type=\"image.default\">\n\t\t\t\t<div class=\"elementor-widget-container\">\n\t\t\t\t\t\t\t\t\t\t\t\t\t\t\t<img fetchpriority=\"high\" decoding=\"async\" width=\"768\" height=\"600\" src=\"https:\/\/cristianenunes.com.br\/wp-content\/uploads\/2023\/07\/plotter2.png\" class=\"attachment-full size-full wp-image-1830\" alt=\"\" srcset=\"https:\/\/cristianenunes.com.br\/wp-content\/uploads\/2023\/07\/plotter2.png 768w, https:\/\/cristianenunes.com.br\/wp-content\/uploads\/2023\/07\/plotter2-300x234.png 300w\" sizes=\"(max-width: 768px) 100vw, 768px\" \/>\t\t\t\t\t\t\t\t\t\t\t\t\t\t\t<\/div>\n\t\t\t\t<\/div>\n\t\t\t\t\t<\/div>\n\t\t\t\t<\/div>\n\t\t\t\t<\/div>\n\t\t","protected":false},"excerpt":{"rendered":"<p>MARCOGEO TOPOGRAFIA A MarcoGeo Topografia \u00e9 especialista na elabora\u00e7\u00e3o&nbsp;de projetos Topogr\u00e1ficos, terraplanagem, loteamento,&nbsp;drenagem pluvial, redes de esgotos e distribui\u00e7\u00e3o de&nbsp;\u00e1gua. Georreferenciamento de im\u00f3veis urbanos e rurais,&nbsp;loca\u00e7\u00e3o e acompanhamento de obras. Com 30 anos de experi\u00eancia no mercado,&nbsp;seu diferencial consiste na elabora\u00e7\u00e3o de&nbsp;projetos de alta complexidade, garantindo&nbsp;precis\u00e3o e qualidade aos seus clientes.<\/p>\n","protected":false},"author":1,"featured_media":0,"parent":0,"menu_order":0,"comment_status":"closed","ping_status":"closed","template":"elementor_header_footer","meta":{"footnotes":""},"class_list":["post-1222","page","type-page","status-publish","hentry"],"yoast_head":"<!-- This site is optimized with the Yoast SEO plugin v23.5 - https:\/\/yoast.com\/wordpress\/plugins\/seo\/ -->\n<title>MarcoGeo Topografia - Cris Nunes<\/title>\n<meta name=\"robots\" content=\"index, follow, max-snippet:-1, max-image-preview:large, max-video-preview:-1\" \/>\n<link rel=\"canonical\" href=\"https:\/\/cristianenunes.com.br\/index.php\/marcogeo-topografia\/\" \/>\n<meta property=\"og:locale\" content=\"pt_BR\" \/>\n<meta property=\"og:type\" content=\"article\" \/>\n<meta property=\"og:title\" content=\"MarcoGeo Topografia - Cris Nunes\" \/>\n<meta property=\"og:description\" content=\"MARCOGEO TOPOGRAFIA A MarcoGeo Topografia \u00e9 especialista na elabora\u00e7\u00e3o&nbsp;de projetos Topogr\u00e1ficos, terraplanagem, loteamento,&nbsp;drenagem pluvial, redes de esgotos e distribui\u00e7\u00e3o de&nbsp;\u00e1gua. Georreferenciamento de im\u00f3veis urbanos e rurais,&nbsp;loca\u00e7\u00e3o e acompanhamento de obras. Com 30 anos de experi\u00eancia no mercado,&nbsp;seu diferencial consiste na elabora\u00e7\u00e3o de&nbsp;projetos de alta complexidade, garantindo&nbsp;precis\u00e3o e qualidade aos seus clientes.\" \/>\n<meta property=\"og:url\" content=\"https:\/\/cristianenunes.com.br\/index.php\/marcogeo-topografia\/\" \/>\n<meta property=\"og:site_name\" content=\"Cris Nunes\" \/>\n<meta property=\"article:publisher\" content=\"https:\/\/www.facebook.com\/cristiane.nunes.39142\" \/>\n<meta property=\"article:modified_time\" content=\"2023-08-17T00:20:23+00:00\" \/>\n<meta property=\"og:image\" content=\"http:\/\/cristianenunes.com.br\/wp-content\/uploads\/2023\/07\/plotter2.png\" \/>\n<meta name=\"twitter:card\" content=\"summary_large_image\" \/>\n<script type=\"application\/ld+json\" class=\"yoast-schema-graph\">{\"@context\":\"https:\/\/schema.org\",\"@graph\":[{\"@type\":\"WebPage\",\"@id\":\"https:\/\/cristianenunes.com.br\/index.php\/marcogeo-topografia\/\",\"url\":\"https:\/\/cristianenunes.com.br\/index.php\/marcogeo-topografia\/\",\"name\":\"MarcoGeo Topografia - Cris Nunes\",\"isPartOf\":{\"@id\":\"https:\/\/cristianenunes.com.br\/#website\"},\"primaryImageOfPage\":{\"@id\":\"https:\/\/cristianenunes.com.br\/index.php\/marcogeo-topografia\/#primaryimage\"},\"image\":{\"@id\":\"https:\/\/cristianenunes.com.br\/index.php\/marcogeo-topografia\/#primaryimage\"},\"thumbnailUrl\":\"http:\/\/cristianenunes.com.br\/wp-content\/uploads\/2023\/07\/plotter2.png\",\"datePublished\":\"2023-07-21T13:49:31+00:00\",\"dateModified\":\"2023-08-17T00:20:23+00:00\",\"breadcrumb\":{\"@id\":\"https:\/\/cristianenunes.com.br\/index.php\/marcogeo-topografia\/#breadcrumb\"},\"inLanguage\":\"pt-BR\",\"potentialAction\":[{\"@type\":\"ReadAction\",\"target\":[\"https:\/\/cristianenunes.com.br\/index.php\/marcogeo-topografia\/\"]}]},{\"@type\":\"ImageObject\",\"inLanguage\":\"pt-BR\",\"@id\":\"https:\/\/cristianenunes.com.br\/index.php\/marcogeo-topografia\/#primaryimage\",\"url\":\"https:\/\/cristianenunes.com.br\/wp-content\/uploads\/2023\/07\/plotter2.png\",\"contentUrl\":\"https:\/\/cristianenunes.com.br\/wp-content\/uploads\/2023\/07\/plotter2.png\",\"width\":768,\"height\":600},{\"@type\":\"BreadcrumbList\",\"@id\":\"https:\/\/cristianenunes.com.br\/index.php\/marcogeo-topografia\/#breadcrumb\",\"itemListElement\":[{\"@type\":\"ListItem\",\"position\":1,\"name\":\"In\u00edcio\",\"item\":\"https:\/\/cristianenunes.com.br\/\"},{\"@type\":\"ListItem\",\"position\":2,\"name\":\"MarcoGeo Topografia\"}]},{\"@type\":\"WebSite\",\"@id\":\"https:\/\/cristianenunes.com.br\/#website\",\"url\":\"https:\/\/cristianenunes.com.br\/\",\"name\":\"Cristiane Nunes Designer\",\"description\":\"Designer de Projetos Visuais\",\"publisher\":{\"@id\":\"https:\/\/cristianenunes.com.br\/#organization\"},\"alternateName\":\"Cris Nunes Designer\",\"potentialAction\":[{\"@type\":\"SearchAction\",\"target\":{\"@type\":\"EntryPoint\",\"urlTemplate\":\"https:\/\/cristianenunes.com.br\/?s={search_term_string}\"},\"query-input\":{\"@type\":\"PropertyValueSpecification\",\"valueRequired\":true,\"valueName\":\"search_term_string\"}}],\"inLanguage\":\"pt-BR\"},{\"@type\":\"Organization\",\"@id\":\"https:\/\/cristianenunes.com.br\/#organization\",\"name\":\"Cristiane Nunes Designer\",\"alternateName\":\"Cris Nunes Designer\",\"url\":\"https:\/\/cristianenunes.com.br\/\",\"logo\":{\"@type\":\"ImageObject\",\"inLanguage\":\"pt-BR\",\"@id\":\"https:\/\/cristianenunes.com.br\/#\/schema\/logo\/image\/\",\"url\":\"https:\/\/cristianenunes.com.br\/wp-content\/uploads\/2023\/08\/cropped-logo-menu.png\",\"contentUrl\":\"https:\/\/cristianenunes.com.br\/wp-content\/uploads\/2023\/08\/cropped-logo-menu.png\",\"width\":184,\"height\":99,\"caption\":\"Cristiane Nunes Designer\"},\"image\":{\"@id\":\"https:\/\/cristianenunes.com.br\/#\/schema\/logo\/image\/\"},\"sameAs\":[\"https:\/\/www.facebook.com\/cristiane.nunes.39142\",\"https:\/\/www.instagram.com\/crisnunes_designer\"]}]}<\/script>\n<!-- \/ Yoast SEO plugin. -->","yoast_head_json":{"title":"MarcoGeo Topografia - Cris Nunes","robots":{"index":"index","follow":"follow","max-snippet":"max-snippet:-1","max-image-preview":"max-image-preview:large","max-video-preview":"max-video-preview:-1"},"canonical":"https:\/\/cristianenunes.com.br\/index.php\/marcogeo-topografia\/","og_locale":"pt_BR","og_type":"article","og_title":"MarcoGeo Topografia - Cris Nunes","og_description":"MARCOGEO TOPOGRAFIA A MarcoGeo Topografia \u00e9 especialista na elabora\u00e7\u00e3o&nbsp;de projetos Topogr\u00e1ficos, terraplanagem, loteamento,&nbsp;drenagem pluvial, redes de esgotos e distribui\u00e7\u00e3o de&nbsp;\u00e1gua. Georreferenciamento de im\u00f3veis urbanos e rurais,&nbsp;loca\u00e7\u00e3o e acompanhamento de obras. Com 30 anos de experi\u00eancia no mercado,&nbsp;seu diferencial consiste na elabora\u00e7\u00e3o de&nbsp;projetos de alta complexidade, garantindo&nbsp;precis\u00e3o e qualidade aos seus clientes.","og_url":"https:\/\/cristianenunes.com.br\/index.php\/marcogeo-topografia\/","og_site_name":"Cris Nunes","article_publisher":"https:\/\/www.facebook.com\/cristiane.nunes.39142","article_modified_time":"2023-08-17T00:20:23+00:00","og_image":[{"url":"http:\/\/cristianenunes.com.br\/wp-content\/uploads\/2023\/07\/plotter2.png"}],"twitter_card":"summary_large_image","schema":{"@context":"https:\/\/schema.org","@graph":[{"@type":"WebPage","@id":"https:\/\/cristianenunes.com.br\/index.php\/marcogeo-topografia\/","url":"https:\/\/cristianenunes.com.br\/index.php\/marcogeo-topografia\/","name":"MarcoGeo Topografia - Cris Nunes","isPartOf":{"@id":"https:\/\/cristianenunes.com.br\/#website"},"primaryImageOfPage":{"@id":"https:\/\/cristianenunes.com.br\/index.php\/marcogeo-topografia\/#primaryimage"},"image":{"@id":"https:\/\/cristianenunes.com.br\/index.php\/marcogeo-topografia\/#primaryimage"},"thumbnailUrl":"http:\/\/cristianenunes.com.br\/wp-content\/uploads\/2023\/07\/plotter2.png","datePublished":"2023-07-21T13:49:31+00:00","dateModified":"2023-08-17T00:20:23+00:00","breadcrumb":{"@id":"https:\/\/cristianenunes.com.br\/index.php\/marcogeo-topografia\/#breadcrumb"},"inLanguage":"pt-BR","potentialAction":[{"@type":"ReadAction","target":["https:\/\/cristianenunes.com.br\/index.php\/marcogeo-topografia\/"]}]},{"@type":"ImageObject","inLanguage":"pt-BR","@id":"https:\/\/cristianenunes.com.br\/index.php\/marcogeo-topografia\/#primaryimage","url":"https:\/\/cristianenunes.com.br\/wp-content\/uploads\/2023\/07\/plotter2.png","contentUrl":"https:\/\/cristianenunes.com.br\/wp-content\/uploads\/2023\/07\/plotter2.png","width":768,"height":600},{"@type":"BreadcrumbList","@id":"https:\/\/cristianenunes.com.br\/index.php\/marcogeo-topografia\/#breadcrumb","itemListElement":[{"@type":"ListItem","position":1,"name":"In\u00edcio","item":"https:\/\/cristianenunes.com.br\/"},{"@type":"ListItem","position":2,"name":"MarcoGeo Topografia"}]},{"@type":"WebSite","@id":"https:\/\/cristianenunes.com.br\/#website","url":"https:\/\/cristianenunes.com.br\/","name":"Cristiane Nunes Designer","description":"Designer de Projetos Visuais","publisher":{"@id":"https:\/\/cristianenunes.com.br\/#organization"},"alternateName":"Cris Nunes Designer","potentialAction":[{"@type":"SearchAction","target":{"@type":"EntryPoint","urlTemplate":"https:\/\/cristianenunes.com.br\/?s={search_term_string}"},"query-input":{"@type":"PropertyValueSpecification","valueRequired":true,"valueName":"search_term_string"}}],"inLanguage":"pt-BR"},{"@type":"Organization","@id":"https:\/\/cristianenunes.com.br\/#organization","name":"Cristiane Nunes Designer","alternateName":"Cris Nunes Designer","url":"https:\/\/cristianenunes.com.br\/","logo":{"@type":"ImageObject","inLanguage":"pt-BR","@id":"https:\/\/cristianenunes.com.br\/#\/schema\/logo\/image\/","url":"https:\/\/cristianenunes.com.br\/wp-content\/uploads\/2023\/08\/cropped-logo-menu.png","contentUrl":"https:\/\/cristianenunes.com.br\/wp-content\/uploads\/2023\/08\/cropped-logo-menu.png","width":184,"height":99,"caption":"Cristiane Nunes Designer"},"image":{"@id":"https:\/\/cristianenunes.com.br\/#\/schema\/logo\/image\/"},"sameAs":["https:\/\/www.facebook.com\/cristiane.nunes.39142","https:\/\/www.instagram.com\/crisnunes_designer"]}]}},"_links":{"self":[{"href":"https:\/\/cristianenunes.com.br\/index.php\/wp-json\/wp\/v2\/pages\/1222"}],"collection":[{"href":"https:\/\/cristianenunes.com.br\/index.php\/wp-json\/wp\/v2\/pages"}],"about":[{"href":"https:\/\/cristianenunes.com.br\/index.php\/wp-json\/wp\/v2\/types\/page"}],"author":[{"embeddable":true,"href":"https:\/\/cristianenunes.com.br\/index.php\/wp-json\/wp\/v2\/users\/1"}],"replies":[{"embeddable":true,"href":"https:\/\/cristianenunes.com.br\/index.php\/wp-json\/wp\/v2\/comments?post=1222"}],"version-history":[{"count":49,"href":"https:\/\/cristianenunes.com.br\/index.php\/wp-json\/wp\/v2\/pages\/1222\/revisions"}],"predecessor-version":[{"id":2576,"href":"https:\/\/cristianenunes.com.br\/index.php\/wp-json\/wp\/v2\/pages\/1222\/revisions\/2576"}],"wp:attachment":[{"href":"https:\/\/cristianenunes.com.br\/index.php\/wp-json\/wp\/v2\/media?parent=1222"}],"curies":[{"name":"wp","href":"https:\/\/api.w.org\/{rel}","templated":true}]}}