{"id":1192,"date":"2023-07-21T10:33:46","date_gmt":"2023-07-21T13:33:46","guid":{"rendered":"https:\/\/cristianenunes.com.br\/?page_id=1192"},"modified":"2023-08-16T21:48:58","modified_gmt":"2023-08-17T00:48:58","slug":"farfala-store","status":"publish","type":"page","link":"https:\/\/cristianenunes.com.br\/index.php\/farfala-store\/","title":{"rendered":"Farfala Store"},"content":{"rendered":"\t\t<div data-elementor-type=\"wp-page\" data-elementor-id=\"1192\" class=\"elementor elementor-1192\">\n\t\t\t\t<div class=\"elementor-element elementor-element-b735dd2 e-flex e-con-boxed e-con e-parent\" data-id=\"b735dd2\" data-element_type=\"container\" data-settings=\"{&quot;background_background&quot;:&quot;classic&quot;}\">\n\t\t\t\t\t<div class=\"e-con-inner\">\n\t\t\t\t\t<\/div>\n\t\t\t\t<\/div>\n\t\t<div class=\"elementor-element elementor-element-3647597 e-flex e-con-boxed e-con e-parent\" data-id=\"3647597\" data-element_type=\"container\">\n\t\t\t\t\t<div class=\"e-con-inner\">\n\t\t<div class=\"elementor-element elementor-element-d8a1350 e-con-full e-flex e-con e-parent\" data-id=\"d8a1350\" data-element_type=\"container\">\n\t\t\t\t<div class=\"elementor-element elementor-element-bd10644 elementor-widget elementor-widget-heading\" data-id=\"bd10644\" data-element_type=\"widget\" data-widget_type=\"heading.default\">\n\t\t\t\t<div class=\"elementor-widget-container\">\n\t\t\t\t\t<h2 class=\"elementor-heading-title elementor-size-default\">FARFALA<\/h2>\t\t\t\t<\/div>\n\t\t\t\t<\/div>\n\t\t\t\t<div class=\"elementor-element elementor-element-aa3d472 elementor-widget elementor-widget-heading\" data-id=\"aa3d472\" data-element_type=\"widget\" data-widget_type=\"heading.default\">\n\t\t\t\t<div class=\"elementor-widget-container\">\n\t\t\t\t\t<h2 class=\"elementor-heading-title elementor-size-default\">STORE<\/h2>\t\t\t\t<\/div>\n\t\t\t\t<\/div>\n\t\t\t\t<\/div>\n\t\t<div class=\"elementor-element elementor-element-72cc3d3 e-con-full e-flex e-con e-parent\" data-id=\"72cc3d3\" data-element_type=\"container\">\n\t\t\t\t<div class=\"elementor-element elementor-element-ab53c33 elementor-widget elementor-widget-text-editor\" data-id=\"ab53c33\" data-element_type=\"widget\" data-widget_type=\"text-editor.default\">\n\t\t\t\t<div class=\"elementor-widget-container\">\n\t\t\t\t\t\t\t\t\t<p>A Farfala Store nasce de um sonho empreendedor para comercializa\u00e7\u00e3o\u00a0de moda no nicho de roupas femininas.\u00a0<span style=\"font-style: inherit; font-weight: inherit; color: var( --e-global-color-text ); font-family: var( --e-global-typography-text-font-family ), Sans-serif; text-align: var(--text-align);\">A marca\u00a0<\/span><span style=\"font-style: inherit; font-weight: inherit; color: var( --e-global-color-text ); font-family: var( --e-global-typography-text-font-family ), Sans-serif; text-align: var(--text-align);\">teve como inspira\u00e7\u00e3o o \u00edcone da borboleta que \u00e9 considerada\u00a0<\/span><span style=\"font-style: inherit; font-weight: inherit; color: var( --e-global-color-text ); font-family: var( --e-global-typography-text-font-family ), Sans-serif; text-align: var(--text-align);\">o atributo da transforma\u00e7\u00e3o. Tamb\u00e9m simboliza felicidade, beleza,\u00a0<\/span><span style=\"font-style: inherit; font-weight: inherit; color: var( --e-global-color-text ); font-family: var( --e-global-typography-text-font-family ), Sans-serif; text-align: var(--text-align);\">efemeridade da natureza e da renova\u00e7\u00e3o.<\/span><\/p><p><span style=\"font-style: inherit; font-weight: inherit; color: var( --e-global-color-text ); font-family: var( --e-global-typography-text-font-family ), Sans-serif; text-align: var(--text-align);\">O desafio para a cria\u00e7\u00e3o da marca foi representa-<\/span><span style=\"font-style: inherit; font-weight: inherit; color: var( --e-global-color-text ); font-family: var( --e-global-typography-text-font-family ), Sans-serif; text-align: var(--text-align);\">la\u00a0<\/span><span style=\"font-style: inherit; font-weight: inherit; color: var( --e-global-color-text ); font-family: var( --e-global-typography-text-font-family ), Sans-serif; text-align: var(--text-align);\">na personaliza\u00e7\u00e3o da mulher em toda a sua ess\u00eancia e a\u00a0<\/span><span style=\"font-style: inherit; font-weight: inherit; color: var( --e-global-color-text ); font-family: var( --e-global-typography-text-font-family ), Sans-serif; text-align: var(--text-align);\">solu\u00e7\u00e3o foi pautada na cria\u00e7\u00e3o de uma identidade moderna,\u00a0<\/span><span style=\"font-style: inherit; font-weight: inherit; color: var( --e-global-color-text ); font-family: var( --e-global-typography-text-font-family ), Sans-serif; text-align: var(--text-align);\">leve e abrangente, inspirada no s\u00edmbolo\/\u00edcone de\u00a0<\/span><span style=\"font-style: inherit; font-weight: inherit; color: var( --e-global-color-text ); font-family: var( --e-global-typography-text-font-family ), Sans-serif; text-align: var(--text-align);\">uma borboleta.\u00a0<\/span><span style=\"font-style: inherit; font-weight: inherit; color: var( --e-global-color-text ); font-family: var( --e-global-typography-text-font-family ), Sans-serif; text-align: var(--text-align);\">Tal\u00a0<\/span><span style=\"font-style: inherit; font-weight: inherit; color: var( --e-global-color-text ); font-family: var( --e-global-typography-text-font-family ), Sans-serif; text-align: var(--text-align);\">s\u00edmbolo foi fundamentado na beleza, delicadeza, transforma\u00e7\u00e3o<\/span><span style=\"font-style: inherit; font-weight: inherit; color: var( --e-global-color-text ); font-family: var( --e-global-typography-text-font-family ), Sans-serif; text-align: var(--text-align);\">\u00a0e encanto.<\/span><\/p><p><span style=\"font-style: inherit; font-weight: inherit; color: var( --e-global-color-text ); font-family: var( --e-global-typography-text-font-family ), Sans-serif; text-align: var(--text-align);\">A Farfalla Store anseia mais\u00a0<\/span><span style=\"font-style: inherit; font-weight: inherit; color: var( --e-global-color-text ); font-family: var( --e-global-typography-text-font-family ), Sans-serif; text-align: var(--text-align);\">que simplesmente vender pe\u00e7as de roupas. Ela\u00a0<\/span><span style=\"font-style: inherit; font-weight: inherit; color: var( --e-global-color-text ); font-family: var( --e-global-typography-text-font-family ), Sans-serif; text-align: var(--text-align);\">anseia que cada mulher levante seu voo, encham os\u00a0<\/span><span style=\"font-style: inherit; font-weight: inherit; color: var( --e-global-color-text ); font-family: var( --e-global-typography-text-font-family ), Sans-serif; text-align: var(--text-align);\">olhos e esquentem os cora\u00e7\u00f5es.<\/span><\/p>\t\t\t\t\t\t\t\t<\/div>\n\t\t\t\t<\/div>\n\t\t\t\t<\/div>\n\t\t\t\t\t<\/div>\n\t\t\t\t<\/div>\n\t\t<div class=\"elementor-element elementor-element-9f417e2 e-flex e-con-boxed e-con e-parent\" data-id=\"9f417e2\" data-element_type=\"container\" data-settings=\"{&quot;background_background&quot;:&quot;classic&quot;}\">\n\t\t\t\t\t<div class=\"e-con-inner\">\n\t\t\t\t<div class=\"elementor-element elementor-element-addb714 elementor-widget elementor-widget-image\" data-id=\"addb714\" data-element_type=\"widget\" data-widget_type=\"image.default\">\n\t\t\t\t<div class=\"elementor-widget-container\">\n\t\t\t\t\t\t\t\t\t\t\t\t\t\t\t<img fetchpriority=\"high\" decoding=\"async\" width=\"1920\" height=\"600\" src=\"https:\/\/cristianenunes.com.br\/wp-content\/uploads\/2023\/08\/paleta-cores.png\" class=\"attachment-full size-full wp-image-2252\" alt=\"\" srcset=\"https:\/\/cristianenunes.com.br\/wp-content\/uploads\/2023\/08\/paleta-cores.png 1920w, https:\/\/cristianenunes.com.br\/wp-content\/uploads\/2023\/08\/paleta-cores-300x94.png 300w, https:\/\/cristianenunes.com.br\/wp-content\/uploads\/2023\/08\/paleta-cores-1024x320.png 1024w, https:\/\/cristianenunes.com.br\/wp-content\/uploads\/2023\/08\/paleta-cores-768x240.png 768w, https:\/\/cristianenunes.com.br\/wp-content\/uploads\/2023\/08\/paleta-cores-1536x480.png 1536w\" sizes=\"(max-width: 1920px) 100vw, 1920px\" \/>\t\t\t\t\t\t\t\t\t\t\t\t\t\t\t<\/div>\n\t\t\t\t<\/div>\n\t\t\t\t\t<\/div>\n\t\t\t\t<\/div>\n\t\t<div class=\"elementor-element elementor-element-ea292b0 e-flex e-con-boxed e-con e-parent\" data-id=\"ea292b0\" data-element_type=\"container\">\n\t\t\t\t\t<div class=\"e-con-inner\">\n\t\t<div class=\"elementor-element elementor-element-160d28b e-flex e-con-boxed e-con e-parent\" data-id=\"160d28b\" data-element_type=\"container\" data-settings=\"{&quot;background_background&quot;:&quot;classic&quot;}\">\n\t\t\t\t\t<div class=\"e-con-inner\">\n\t\t\t\t\t<\/div>\n\t\t\t\t<\/div>\n\t\t<div class=\"elementor-element elementor-element-1a02b13 e-flex e-con-boxed e-con e-parent\" data-id=\"1a02b13\" data-element_type=\"container\" data-settings=\"{&quot;background_background&quot;:&quot;classic&quot;}\">\n\t\t\t\t\t<div class=\"e-con-inner\">\n\t\t\t\t\t<\/div>\n\t\t\t\t<\/div>\n\t\t<div class=\"elementor-element elementor-element-eae002b e-flex e-con-boxed e-con e-parent\" data-id=\"eae002b\" data-element_type=\"container\" data-settings=\"{&quot;background_background&quot;:&quot;classic&quot;}\">\n\t\t\t\t\t<div class=\"e-con-inner\">\n\t\t\t\t\t<\/div>\n\t\t\t\t<\/div>\n\t\t\t\t\t<\/div>\n\t\t\t\t<\/div>\n\t\t<div class=\"elementor-element elementor-element-37e3874 e-flex e-con-boxed e-con e-parent\" data-id=\"37e3874\" data-element_type=\"container\">\n\t\t\t\t\t<div class=\"e-con-inner\">\n\t\t<div class=\"elementor-element elementor-element-d7cdab5 e-con-full e-flex e-con e-parent\" data-id=\"d7cdab5\" data-element_type=\"container\" data-settings=\"{&quot;background_background&quot;:&quot;classic&quot;}\">\n\t\t\t\t<\/div>\n\t\t\t\t\t<\/div>\n\t\t\t\t<\/div>\n\t\t\t\t<\/div>\n\t\t","protected":false},"excerpt":{"rendered":"<p>FARFALA STORE A Farfala Store nasce de um sonho empreendedor para comercializa\u00e7\u00e3o\u00a0de moda no nicho de roupas femininas.\u00a0A marca\u00a0teve como inspira\u00e7\u00e3o o \u00edcone da borboleta que \u00e9 considerada\u00a0o atributo da transforma\u00e7\u00e3o. Tamb\u00e9m simboliza felicidade, beleza,\u00a0efemeridade da natureza e da renova\u00e7\u00e3o. O desafio para a cria\u00e7\u00e3o da marca foi representa-la\u00a0na personaliza\u00e7\u00e3o da mulher em toda a [&hellip;]<\/p>\n","protected":false},"author":1,"featured_media":0,"parent":0,"menu_order":0,"comment_status":"closed","ping_status":"closed","template":"elementor_header_footer","meta":{"footnotes":""},"class_list":["post-1192","page","type-page","status-publish","hentry"],"yoast_head":"<!-- This site is optimized with the Yoast SEO plugin v23.5 - https:\/\/yoast.com\/wordpress\/plugins\/seo\/ -->\n<title>Farfala Store - Cris Nunes<\/title>\n<meta name=\"robots\" content=\"index, follow, max-snippet:-1, max-image-preview:large, max-video-preview:-1\" \/>\n<link rel=\"canonical\" href=\"https:\/\/cristianenunes.com.br\/index.php\/farfala-store\/\" \/>\n<meta property=\"og:locale\" content=\"pt_BR\" \/>\n<meta property=\"og:type\" content=\"article\" \/>\n<meta property=\"og:title\" content=\"Farfala Store - Cris Nunes\" \/>\n<meta property=\"og:description\" content=\"FARFALA STORE A Farfala Store nasce de um sonho empreendedor para comercializa\u00e7\u00e3o\u00a0de moda no nicho de roupas femininas.\u00a0A marca\u00a0teve como inspira\u00e7\u00e3o o \u00edcone da borboleta que \u00e9 considerada\u00a0o atributo da transforma\u00e7\u00e3o. Tamb\u00e9m simboliza felicidade, beleza,\u00a0efemeridade da natureza e da renova\u00e7\u00e3o. O desafio para a cria\u00e7\u00e3o da marca foi representa-la\u00a0na personaliza\u00e7\u00e3o da mulher em toda a [&hellip;]\" \/>\n<meta property=\"og:url\" content=\"https:\/\/cristianenunes.com.br\/index.php\/farfala-store\/\" \/>\n<meta property=\"og:site_name\" content=\"Cris Nunes\" \/>\n<meta property=\"article:publisher\" content=\"https:\/\/www.facebook.com\/cristiane.nunes.39142\" \/>\n<meta property=\"article:modified_time\" content=\"2023-08-17T00:48:58+00:00\" \/>\n<meta property=\"og:image\" content=\"http:\/\/cristianenunes.com.br\/wp-content\/uploads\/2023\/08\/paleta-cores.png\" \/>\n<meta name=\"twitter:card\" content=\"summary_large_image\" \/>\n<meta name=\"twitter:label1\" content=\"Est. tempo de leitura\" \/>\n\t<meta name=\"twitter:data1\" content=\"1 minuto\" \/>\n<script type=\"application\/ld+json\" class=\"yoast-schema-graph\">{\"@context\":\"https:\/\/schema.org\",\"@graph\":[{\"@type\":\"WebPage\",\"@id\":\"https:\/\/cristianenunes.com.br\/index.php\/farfala-store\/\",\"url\":\"https:\/\/cristianenunes.com.br\/index.php\/farfala-store\/\",\"name\":\"Farfala Store - Cris Nunes\",\"isPartOf\":{\"@id\":\"https:\/\/cristianenunes.com.br\/#website\"},\"primaryImageOfPage\":{\"@id\":\"https:\/\/cristianenunes.com.br\/index.php\/farfala-store\/#primaryimage\"},\"image\":{\"@id\":\"https:\/\/cristianenunes.com.br\/index.php\/farfala-store\/#primaryimage\"},\"thumbnailUrl\":\"http:\/\/cristianenunes.com.br\/wp-content\/uploads\/2023\/08\/paleta-cores.png\",\"datePublished\":\"2023-07-21T13:33:46+00:00\",\"dateModified\":\"2023-08-17T00:48:58+00:00\",\"breadcrumb\":{\"@id\":\"https:\/\/cristianenunes.com.br\/index.php\/farfala-store\/#breadcrumb\"},\"inLanguage\":\"pt-BR\",\"potentialAction\":[{\"@type\":\"ReadAction\",\"target\":[\"https:\/\/cristianenunes.com.br\/index.php\/farfala-store\/\"]}]},{\"@type\":\"ImageObject\",\"inLanguage\":\"pt-BR\",\"@id\":\"https:\/\/cristianenunes.com.br\/index.php\/farfala-store\/#primaryimage\",\"url\":\"https:\/\/cristianenunes.com.br\/wp-content\/uploads\/2023\/08\/paleta-cores.png\",\"contentUrl\":\"https:\/\/cristianenunes.com.br\/wp-content\/uploads\/2023\/08\/paleta-cores.png\",\"width\":1920,\"height\":600},{\"@type\":\"BreadcrumbList\",\"@id\":\"https:\/\/cristianenunes.com.br\/index.php\/farfala-store\/#breadcrumb\",\"itemListElement\":[{\"@type\":\"ListItem\",\"position\":1,\"name\":\"In\u00edcio\",\"item\":\"https:\/\/cristianenunes.com.br\/\"},{\"@type\":\"ListItem\",\"position\":2,\"name\":\"Farfala Store\"}]},{\"@type\":\"WebSite\",\"@id\":\"https:\/\/cristianenunes.com.br\/#website\",\"url\":\"https:\/\/cristianenunes.com.br\/\",\"name\":\"Cristiane Nunes Designer\",\"description\":\"Designer de Projetos Visuais\",\"publisher\":{\"@id\":\"https:\/\/cristianenunes.com.br\/#organization\"},\"alternateName\":\"Cris Nunes Designer\",\"potentialAction\":[{\"@type\":\"SearchAction\",\"target\":{\"@type\":\"EntryPoint\",\"urlTemplate\":\"https:\/\/cristianenunes.com.br\/?s={search_term_string}\"},\"query-input\":{\"@type\":\"PropertyValueSpecification\",\"valueRequired\":true,\"valueName\":\"search_term_string\"}}],\"inLanguage\":\"pt-BR\"},{\"@type\":\"Organization\",\"@id\":\"https:\/\/cristianenunes.com.br\/#organization\",\"name\":\"Cristiane Nunes Designer\",\"alternateName\":\"Cris Nunes Designer\",\"url\":\"https:\/\/cristianenunes.com.br\/\",\"logo\":{\"@type\":\"ImageObject\",\"inLanguage\":\"pt-BR\",\"@id\":\"https:\/\/cristianenunes.com.br\/#\/schema\/logo\/image\/\",\"url\":\"https:\/\/cristianenunes.com.br\/wp-content\/uploads\/2023\/08\/cropped-logo-menu.png\",\"contentUrl\":\"https:\/\/cristianenunes.com.br\/wp-content\/uploads\/2023\/08\/cropped-logo-menu.png\",\"width\":184,\"height\":99,\"caption\":\"Cristiane Nunes Designer\"},\"image\":{\"@id\":\"https:\/\/cristianenunes.com.br\/#\/schema\/logo\/image\/\"},\"sameAs\":[\"https:\/\/www.facebook.com\/cristiane.nunes.39142\",\"https:\/\/www.instagram.com\/crisnunes_designer\"]}]}<\/script>\n<!-- \/ Yoast SEO plugin. -->","yoast_head_json":{"title":"Farfala Store - Cris Nunes","robots":{"index":"index","follow":"follow","max-snippet":"max-snippet:-1","max-image-preview":"max-image-preview:large","max-video-preview":"max-video-preview:-1"},"canonical":"https:\/\/cristianenunes.com.br\/index.php\/farfala-store\/","og_locale":"pt_BR","og_type":"article","og_title":"Farfala Store - Cris Nunes","og_description":"FARFALA STORE A Farfala Store nasce de um sonho empreendedor para comercializa\u00e7\u00e3o\u00a0de moda no nicho de roupas femininas.\u00a0A marca\u00a0teve como inspira\u00e7\u00e3o o \u00edcone da borboleta que \u00e9 considerada\u00a0o atributo da transforma\u00e7\u00e3o. Tamb\u00e9m simboliza felicidade, beleza,\u00a0efemeridade da natureza e da renova\u00e7\u00e3o. O desafio para a cria\u00e7\u00e3o da marca foi representa-la\u00a0na personaliza\u00e7\u00e3o da mulher em toda a [&hellip;]","og_url":"https:\/\/cristianenunes.com.br\/index.php\/farfala-store\/","og_site_name":"Cris Nunes","article_publisher":"https:\/\/www.facebook.com\/cristiane.nunes.39142","article_modified_time":"2023-08-17T00:48:58+00:00","og_image":[{"url":"http:\/\/cristianenunes.com.br\/wp-content\/uploads\/2023\/08\/paleta-cores.png"}],"twitter_card":"summary_large_image","twitter_misc":{"Est. tempo de leitura":"1 minuto"},"schema":{"@context":"https:\/\/schema.org","@graph":[{"@type":"WebPage","@id":"https:\/\/cristianenunes.com.br\/index.php\/farfala-store\/","url":"https:\/\/cristianenunes.com.br\/index.php\/farfala-store\/","name":"Farfala Store - Cris Nunes","isPartOf":{"@id":"https:\/\/cristianenunes.com.br\/#website"},"primaryImageOfPage":{"@id":"https:\/\/cristianenunes.com.br\/index.php\/farfala-store\/#primaryimage"},"image":{"@id":"https:\/\/cristianenunes.com.br\/index.php\/farfala-store\/#primaryimage"},"thumbnailUrl":"http:\/\/cristianenunes.com.br\/wp-content\/uploads\/2023\/08\/paleta-cores.png","datePublished":"2023-07-21T13:33:46+00:00","dateModified":"2023-08-17T00:48:58+00:00","breadcrumb":{"@id":"https:\/\/cristianenunes.com.br\/index.php\/farfala-store\/#breadcrumb"},"inLanguage":"pt-BR","potentialAction":[{"@type":"ReadAction","target":["https:\/\/cristianenunes.com.br\/index.php\/farfala-store\/"]}]},{"@type":"ImageObject","inLanguage":"pt-BR","@id":"https:\/\/cristianenunes.com.br\/index.php\/farfala-store\/#primaryimage","url":"https:\/\/cristianenunes.com.br\/wp-content\/uploads\/2023\/08\/paleta-cores.png","contentUrl":"https:\/\/cristianenunes.com.br\/wp-content\/uploads\/2023\/08\/paleta-cores.png","width":1920,"height":600},{"@type":"BreadcrumbList","@id":"https:\/\/cristianenunes.com.br\/index.php\/farfala-store\/#breadcrumb","itemListElement":[{"@type":"ListItem","position":1,"name":"In\u00edcio","item":"https:\/\/cristianenunes.com.br\/"},{"@type":"ListItem","position":2,"name":"Farfala Store"}]},{"@type":"WebSite","@id":"https:\/\/cristianenunes.com.br\/#website","url":"https:\/\/cristianenunes.com.br\/","name":"Cristiane Nunes Designer","description":"Designer de Projetos Visuais","publisher":{"@id":"https:\/\/cristianenunes.com.br\/#organization"},"alternateName":"Cris Nunes Designer","potentialAction":[{"@type":"SearchAction","target":{"@type":"EntryPoint","urlTemplate":"https:\/\/cristianenunes.com.br\/?s={search_term_string}"},"query-input":{"@type":"PropertyValueSpecification","valueRequired":true,"valueName":"search_term_string"}}],"inLanguage":"pt-BR"},{"@type":"Organization","@id":"https:\/\/cristianenunes.com.br\/#organization","name":"Cristiane Nunes Designer","alternateName":"Cris Nunes Designer","url":"https:\/\/cristianenunes.com.br\/","logo":{"@type":"ImageObject","inLanguage":"pt-BR","@id":"https:\/\/cristianenunes.com.br\/#\/schema\/logo\/image\/","url":"https:\/\/cristianenunes.com.br\/wp-content\/uploads\/2023\/08\/cropped-logo-menu.png","contentUrl":"https:\/\/cristianenunes.com.br\/wp-content\/uploads\/2023\/08\/cropped-logo-menu.png","width":184,"height":99,"caption":"Cristiane Nunes Designer"},"image":{"@id":"https:\/\/cristianenunes.com.br\/#\/schema\/logo\/image\/"},"sameAs":["https:\/\/www.facebook.com\/cristiane.nunes.39142","https:\/\/www.instagram.com\/crisnunes_designer"]}]}},"_links":{"self":[{"href":"https:\/\/cristianenunes.com.br\/index.php\/wp-json\/wp\/v2\/pages\/1192"}],"collection":[{"href":"https:\/\/cristianenunes.com.br\/index.php\/wp-json\/wp\/v2\/pages"}],"about":[{"href":"https:\/\/cristianenunes.com.br\/index.php\/wp-json\/wp\/v2\/types\/page"}],"author":[{"embeddable":true,"href":"https:\/\/cristianenunes.com.br\/index.php\/wp-json\/wp\/v2\/users\/1"}],"replies":[{"embeddable":true,"href":"https:\/\/cristianenunes.com.br\/index.php\/wp-json\/wp\/v2\/comments?post=1192"}],"version-history":[{"count":100,"href":"https:\/\/cristianenunes.com.br\/index.php\/wp-json\/wp\/v2\/pages\/1192\/revisions"}],"predecessor-version":[{"id":2633,"href":"https:\/\/cristianenunes.com.br\/index.php\/wp-json\/wp\/v2\/pages\/1192\/revisions\/2633"}],"wp:attachment":[{"href":"https:\/\/cristianenunes.com.br\/index.php\/wp-json\/wp\/v2\/media?parent=1192"}],"curies":[{"name":"wp","href":"https:\/\/api.w.org\/{rel}","templated":true}]}}