{"id":1187,"date":"2023-07-21T10:30:13","date_gmt":"2023-07-21T13:30:13","guid":{"rendered":"https:\/\/cristianenunes.com.br\/?page_id=1187"},"modified":"2023-08-16T21:35:39","modified_gmt":"2023-08-17T00:35:39","slug":"instituto-dr","status":"publish","type":"page","link":"https:\/\/cristianenunes.com.br\/index.php\/instituto-dr\/","title":{"rendered":"Instituto Dr"},"content":{"rendered":"\t\t<div data-elementor-type=\"wp-page\" data-elementor-id=\"1187\" class=\"elementor elementor-1187\">\n\t\t\t\t<div class=\"elementor-element elementor-element-17b4fec e-flex e-con-boxed e-con e-parent\" data-id=\"17b4fec\" data-element_type=\"container\" data-settings=\"{&quot;background_background&quot;:&quot;classic&quot;}\">\n\t\t\t\t\t<div class=\"e-con-inner\">\n\t\t\t\t\t<\/div>\n\t\t\t\t<\/div>\n\t\t<div class=\"elementor-element elementor-element-a103166 e-flex e-con-boxed e-con e-parent\" data-id=\"a103166\" data-element_type=\"container\">\n\t\t\t\t\t<div class=\"e-con-inner\">\n\t\t<div class=\"elementor-element elementor-element-5408409 e-con-full e-flex e-con e-parent\" data-id=\"5408409\" data-element_type=\"container\">\n\t\t\t\t<div class=\"elementor-element elementor-element-01ce943 elementor-widget elementor-widget-heading\" data-id=\"01ce943\" data-element_type=\"widget\" data-widget_type=\"heading.default\">\n\t\t\t\t<div class=\"elementor-widget-container\">\n\t\t\t\t\t<h2 class=\"elementor-heading-title elementor-size-default\">INSTITUTO DR.<\/h2>\t\t\t\t<\/div>\n\t\t\t\t<\/div>\n\t\t\t\t<div class=\"elementor-element elementor-element-d2ab92b elementor-widget elementor-widget-text-editor\" data-id=\"d2ab92b\" data-element_type=\"widget\" data-widget_type=\"text-editor.default\">\n\t\t\t\t<div class=\"elementor-widget-container\">\n\t\t\t\t\t\t\t\t\t<p>CL\u00cdNICA INTEGRADA DE SA\u00daDE&nbsp;<span style=\"font-style: inherit; font-weight: inherit; color: var( --e-global-color-text ); text-align: var(--text-align);\">E BEM-ESTAR<\/span><\/p>\t\t\t\t\t\t\t\t<\/div>\n\t\t\t\t<\/div>\n\t\t\t\t<\/div>\n\t\t\t\t<div class=\"elementor-element elementor-element-6469f1f elementor-widget-tablet__width-initial elementor-widget elementor-widget-text-editor\" data-id=\"6469f1f\" data-element_type=\"widget\" data-widget_type=\"text-editor.default\">\n\t\t\t\t<div class=\"elementor-widget-container\">\n\t\t\t\t\t\t\t\t\t<p>A Instituto Dr. \u00e9 uma cl\u00ednica integrada de cuidados odontol\u00f3gicos,\u00a0m\u00e9dicos, est\u00e9ticos e cursos de especializa\u00e7\u00e3o. Com 10<span style=\"text-align: var(--text-align);\">\u00a0anos de experi\u00eancia \u00e9\u00a0<\/span><span style=\"color: var( --e-global-color-text ); font-family: var( --e-global-typography-text-font-family ), Sans-serif; font-weight: var( --e-global-typography-text-font-weight ); text-align: var(--text-align);\">reconhecida por seu alto padr\u00e3o de qualidade, confian\u00e7a e seriedade.<\/span><\/p><p><span style=\"color: var( --e-global-color-text ); font-family: var( --e-global-typography-text-font-family ), Sans-serif; font-weight: var( --e-global-typography-text-font-weight ); text-align: var(--text-align);\">Os objetivos para a constru\u00e7\u00e3o da marca Instituto Dr., foram pautados na autenticidade, valores e diferenciais do neg\u00f3cio.\u00a0<\/span><\/p><p><span style=\"color: var( --e-global-color-text ); font-family: var( --e-global-typography-text-font-family ), Sans-serif; font-weight: var( --e-global-typography-text-font-weight ); text-align: var(--text-align);\">Os desafios da cl\u00ednica:\u00a0<\/span><span style=\"text-align: var(--text-align);\">Se diferenciar no mercado, s<\/span><span style=\"font-style: inherit; font-weight: inherit; color: var( --e-global-color-text ); font-family: var( --e-global-typography-text-font-family ), Sans-serif; text-align: var(--text-align);\">er moderna e exclusiva f<\/span><span style=\"font-style: inherit; font-weight: inherit; color: var( --e-global-color-text ); font-family: var( --e-global-typography-text-font-family ), Sans-serif; text-align: var(--text-align);\">azendo com que cada paciente seja parte latente da constru\u00e7\u00e3o e reputa\u00e7\u00e3o da marca.<\/span><\/p><p>Seu p\u00fablico \u00e9 amplo e inclusivo com atendimento<span style=\"font-style: inherit; font-weight: inherit; color: var( --e-global-color-text ); font-family: var( --e-global-typography-text-font-family ), Sans-serif; text-align: var(--text-align);\">\u00a0aos clientes que desejam\u00a0<\/span><span style=\"font-style: inherit; font-weight: inherit; color: var( --e-global-color-text ); font-family: var( --e-global-typography-text-font-family ), Sans-serif; text-align: var(--text-align);\">ter resultados precisos e que\u00a0<\/span><span style=\"font-style: inherit; font-weight: inherit; color: var( --e-global-color-text ); font-family: var( --e-global-typography-text-font-family ), Sans-serif; text-align: var(--text-align);\">buscam por confian\u00e7a, tranquilidade, seriedade, autoestima e principalmente\u00a0<\/span><span style=\"font-style: inherit; font-weight: inherit; color: var( --e-global-color-text ); font-family: var( --e-global-typography-text-font-family ), Sans-serif; text-align: var(--text-align);\">sa\u00fade em dia.<\/span><\/p><p>\u00a0<\/p>\t\t\t\t\t\t\t\t<\/div>\n\t\t\t\t<\/div>\n\t\t\t\t\t<\/div>\n\t\t\t\t<\/div>\n\t\t<div class=\"elementor-element elementor-element-88999a4 e-flex e-con-boxed e-con e-parent\" data-id=\"88999a4\" data-element_type=\"container\">\n\t\t\t\t\t<div class=\"e-con-inner\">\n\t\t\t\t<div class=\"elementor-element elementor-element-98225a4 elementor-widget elementor-widget-image\" data-id=\"98225a4\" data-element_type=\"widget\" data-widget_type=\"image.default\">\n\t\t\t\t<div class=\"elementor-widget-container\">\n\t\t\t\t\t\t\t\t\t\t\t\t\t\t\t<img fetchpriority=\"high\" decoding=\"async\" width=\"1920\" height=\"600\" src=\"https:\/\/cristianenunes.com.br\/wp-content\/uploads\/2023\/07\/SIMBOLO.png\" class=\"attachment-full size-full wp-image-1537\" alt=\"\" srcset=\"https:\/\/cristianenunes.com.br\/wp-content\/uploads\/2023\/07\/SIMBOLO.png 1920w, https:\/\/cristianenunes.com.br\/wp-content\/uploads\/2023\/07\/SIMBOLO-300x94.png 300w, https:\/\/cristianenunes.com.br\/wp-content\/uploads\/2023\/07\/SIMBOLO-1024x320.png 1024w, https:\/\/cristianenunes.com.br\/wp-content\/uploads\/2023\/07\/SIMBOLO-768x240.png 768w, https:\/\/cristianenunes.com.br\/wp-content\/uploads\/2023\/07\/SIMBOLO-1536x480.png 1536w\" sizes=\"(max-width: 1920px) 100vw, 1920px\" \/>\t\t\t\t\t\t\t\t\t\t\t\t\t\t\t<\/div>\n\t\t\t\t<\/div>\n\t\t\t\t\t<\/div>\n\t\t\t\t<\/div>\n\t\t<div class=\"elementor-element elementor-element-a0e13b7 e-flex e-con-boxed e-con e-parent\" data-id=\"a0e13b7\" data-element_type=\"container\" data-settings=\"{&quot;background_background&quot;:&quot;classic&quot;}\">\n\t\t\t\t\t<div class=\"e-con-inner\">\n\t\t<div class=\"elementor-element elementor-element-4116faa e-flex e-con-boxed e-con e-parent\" data-id=\"4116faa\" data-element_type=\"container\">\n\t\t\t\t\t<div class=\"e-con-inner\">\n\t\t\t\t<div class=\"elementor-element elementor-element-f09f0d6 elementor-widget__width-initial elementor-widget elementor-widget-text-editor\" data-id=\"f09f0d6\" data-element_type=\"widget\" data-widget_type=\"text-editor.default\">\n\t\t\t\t<div class=\"elementor-widget-container\">\n\t\t\t\t\t\t\t\t\t<p>Para a constru\u00e7\u00e3o da marca foram usados elementos <span style=\"font-style: inherit; font-weight: inherit; color: var( --e-global-color-text );\">simb\u00f3licos&nbsp;<\/span><span style=\"font-style: inherit; font-weight: inherit; color: var( --e-global-color-text );\">que fazem parte&nbsp;<\/span><span style=\"color: var( --e-global-color-text ); font-style: inherit; font-weight: inherit;\">do cotidiano da cl\u00ednica:<\/span><\/p>\t\t\t\t\t\t\t\t<\/div>\n\t\t\t\t<\/div>\n\t\t\t\t<div class=\"elementor-element elementor-element-4faaaea elementor-button-success elementor-align-center elementor-tablet-align-center elementor-widget-mobile__width-initial elementor-widget elementor-widget-button\" data-id=\"4faaaea\" data-element_type=\"widget\" data-widget_type=\"button.default\">\n\t\t\t\t<div class=\"elementor-widget-container\">\n\t\t\t\t\t\t\t\t\t<div class=\"elementor-button-wrapper\">\n\t\t\t\t\t<a class=\"elementor-button elementor-size-lg\" role=\"button\">\n\t\t\t\t\t\t<span class=\"elementor-button-content-wrapper\">\n\t\t\t\t\t\t<span class=\"elementor-button-icon\">\n\t\t\t\t<i aria-hidden=\"true\" class=\"fas fa-check-double\"><\/i>\t\t\t<\/span>\n\t\t\t\t\t\t\t\t\t<span class=\"elementor-button-text\">E o resultado foi de um s\u00edmbolo leve, evolutivo e de muita personalidade!<\/span>\n\t\t\t\t\t<\/span>\n\t\t\t\t\t<\/a>\n\t\t\t\t<\/div>\n\t\t\t\t\t\t\t\t<\/div>\n\t\t\t\t<\/div>\n\t\t\t\t\t<\/div>\n\t\t\t\t<\/div>\n\t\t\t\t<div class=\"elementor-element elementor-element-6fc8d50 elementor-widget elementor-widget-image\" data-id=\"6fc8d50\" data-element_type=\"widget\" data-widget_type=\"image.default\">\n\t\t\t\t<div class=\"elementor-widget-container\">\n\t\t\t\t\t\t\t\t\t\t\t\t\t\t\t<img decoding=\"async\" width=\"1920\" height=\"600\" src=\"https:\/\/cristianenunes.com.br\/wp-content\/uploads\/2023\/07\/botons-3.png\" class=\"attachment-full size-full wp-image-1642\" alt=\"\" srcset=\"https:\/\/cristianenunes.com.br\/wp-content\/uploads\/2023\/07\/botons-3.png 1920w, https:\/\/cristianenunes.com.br\/wp-content\/uploads\/2023\/07\/botons-3-300x94.png 300w, https:\/\/cristianenunes.com.br\/wp-content\/uploads\/2023\/07\/botons-3-1024x320.png 1024w, https:\/\/cristianenunes.com.br\/wp-content\/uploads\/2023\/07\/botons-3-768x240.png 768w, https:\/\/cristianenunes.com.br\/wp-content\/uploads\/2023\/07\/botons-3-1536x480.png 1536w\" sizes=\"(max-width: 1920px) 100vw, 1920px\" \/>\t\t\t\t\t\t\t\t\t\t\t\t\t\t\t<\/div>\n\t\t\t\t<\/div>\n\t\t\t\t\t<\/div>\n\t\t\t\t<\/div>\n\t\t<div class=\"elementor-element elementor-element-7c7e975 e-con-full e-flex e-con e-parent\" data-id=\"7c7e975\" data-element_type=\"container\" data-settings=\"{&quot;background_background&quot;:&quot;classic&quot;}\">\n\t\t<div class=\"elementor-element elementor-element-e703cf8 e-flex e-con-boxed e-con e-parent\" data-id=\"e703cf8\" data-element_type=\"container\" data-settings=\"{&quot;background_background&quot;:&quot;classic&quot;}\">\n\t\t\t\t\t<div class=\"e-con-inner\">\n\t\t\t\t\t<\/div>\n\t\t\t\t<\/div>\n\t\t<div class=\"elementor-element elementor-element-b7378a5 e-flex e-con-boxed e-con e-parent\" data-id=\"b7378a5\" data-element_type=\"container\" data-settings=\"{&quot;background_background&quot;:&quot;classic&quot;}\">\n\t\t\t\t\t<div class=\"e-con-inner\">\n\t\t\t\t\t<\/div>\n\t\t\t\t<\/div>\n\t\t\t\t<\/div>\n\t\t<div class=\"elementor-element elementor-element-8e1e5b4 e-con-full e-flex e-con e-parent\" data-id=\"8e1e5b4\" data-element_type=\"container\" data-settings=\"{&quot;background_background&quot;:&quot;classic&quot;}\">\n\t\t<div class=\"elementor-element elementor-element-de0aa27 e-flex e-con-boxed e-con e-parent\" data-id=\"de0aa27\" data-element_type=\"container\" data-settings=\"{&quot;background_background&quot;:&quot;classic&quot;}\">\n\t\t\t\t\t<div class=\"e-con-inner\">\n\t\t\t\t\t<\/div>\n\t\t\t\t<\/div>\n\t\t<div class=\"elementor-element elementor-element-fac9895 e-flex e-con-boxed e-con e-parent\" data-id=\"fac9895\" data-element_type=\"container\" data-settings=\"{&quot;background_background&quot;:&quot;classic&quot;}\">\n\t\t\t\t\t<div class=\"e-con-inner\">\n\t\t\t\t\t<\/div>\n\t\t\t\t<\/div>\n\t\t\t\t<\/div>\n\t\t<div class=\"elementor-element elementor-element-f140b11 e-flex e-con-boxed e-con e-parent\" data-id=\"f140b11\" data-element_type=\"container\">\n\t\t\t\t\t<div class=\"e-con-inner\">\n\t\t\t\t<div class=\"elementor-element elementor-element-3539e88 elementor-widget elementor-widget-image\" data-id=\"3539e88\" data-element_type=\"widget\" data-widget_type=\"image.default\">\n\t\t\t\t<div class=\"elementor-widget-container\">\n\t\t\t\t\t\t\t\t\t\t\t\t\t\t\t<img decoding=\"async\" width=\"1920\" height=\"600\" src=\"https:\/\/cristianenunes.com.br\/wp-content\/uploads\/2023\/07\/outdoor-ext.png\" class=\"attachment-full size-full wp-image-1653\" alt=\"\" srcset=\"https:\/\/cristianenunes.com.br\/wp-content\/uploads\/2023\/07\/outdoor-ext.png 1920w, https:\/\/cristianenunes.com.br\/wp-content\/uploads\/2023\/07\/outdoor-ext-300x94.png 300w, https:\/\/cristianenunes.com.br\/wp-content\/uploads\/2023\/07\/outdoor-ext-1024x320.png 1024w, https:\/\/cristianenunes.com.br\/wp-content\/uploads\/2023\/07\/outdoor-ext-768x240.png 768w, https:\/\/cristianenunes.com.br\/wp-content\/uploads\/2023\/07\/outdoor-ext-1536x480.png 1536w\" sizes=\"(max-width: 1920px) 100vw, 1920px\" \/>\t\t\t\t\t\t\t\t\t\t\t\t\t\t\t<\/div>\n\t\t\t\t<\/div>\n\t\t\t\t\t<\/div>\n\t\t\t\t<\/div>\n\t\t\t\t<\/div>\n\t\t","protected":false},"excerpt":{"rendered":"<p>INSTITUTO DR. CL\u00cdNICA INTEGRADA DE SA\u00daDE&nbsp;E BEM-ESTAR A Instituto Dr. \u00e9 uma cl\u00ednica integrada de cuidados odontol\u00f3gicos,\u00a0m\u00e9dicos, est\u00e9ticos e cursos de especializa\u00e7\u00e3o. Com 10\u00a0anos de experi\u00eancia \u00e9\u00a0reconhecida por seu alto padr\u00e3o de qualidade, confian\u00e7a e seriedade. Os objetivos para a constru\u00e7\u00e3o da marca Instituto Dr., foram pautados na autenticidade, valores e diferenciais do neg\u00f3cio.\u00a0 Os [&hellip;]<\/p>\n","protected":false},"author":1,"featured_media":0,"parent":0,"menu_order":0,"comment_status":"closed","ping_status":"closed","template":"elementor_header_footer","meta":{"footnotes":""},"class_list":["post-1187","page","type-page","status-publish","hentry"],"yoast_head":"<!-- This site is optimized with the Yoast SEO plugin v23.5 - https:\/\/yoast.com\/wordpress\/plugins\/seo\/ -->\n<title>Instituto Dr - Cris Nunes<\/title>\n<meta name=\"robots\" content=\"index, follow, max-snippet:-1, max-image-preview:large, max-video-preview:-1\" \/>\n<link rel=\"canonical\" href=\"https:\/\/cristianenunes.com.br\/index.php\/instituto-dr\/\" \/>\n<meta property=\"og:locale\" content=\"pt_BR\" \/>\n<meta property=\"og:type\" content=\"article\" \/>\n<meta property=\"og:title\" content=\"Instituto Dr - Cris Nunes\" \/>\n<meta property=\"og:description\" content=\"INSTITUTO DR. CL\u00cdNICA INTEGRADA DE SA\u00daDE&nbsp;E BEM-ESTAR A Instituto Dr. \u00e9 uma cl\u00ednica integrada de cuidados odontol\u00f3gicos,\u00a0m\u00e9dicos, est\u00e9ticos e cursos de especializa\u00e7\u00e3o. Com 10\u00a0anos de experi\u00eancia \u00e9\u00a0reconhecida por seu alto padr\u00e3o de qualidade, confian\u00e7a e seriedade. Os objetivos para a constru\u00e7\u00e3o da marca Instituto Dr., foram pautados na autenticidade, valores e diferenciais do neg\u00f3cio.\u00a0 Os [&hellip;]\" \/>\n<meta property=\"og:url\" content=\"https:\/\/cristianenunes.com.br\/index.php\/instituto-dr\/\" \/>\n<meta property=\"og:site_name\" content=\"Cris Nunes\" \/>\n<meta property=\"article:publisher\" content=\"https:\/\/www.facebook.com\/cristiane.nunes.39142\" \/>\n<meta property=\"article:modified_time\" content=\"2023-08-17T00:35:39+00:00\" \/>\n<meta property=\"og:image\" content=\"http:\/\/cristianenunes.com.br\/wp-content\/uploads\/2023\/07\/SIMBOLO.png\" \/>\n<meta name=\"twitter:card\" content=\"summary_large_image\" \/>\n<meta name=\"twitter:label1\" content=\"Est. tempo de leitura\" \/>\n\t<meta name=\"twitter:data1\" content=\"1 minuto\" \/>\n<script type=\"application\/ld+json\" class=\"yoast-schema-graph\">{\"@context\":\"https:\/\/schema.org\",\"@graph\":[{\"@type\":\"WebPage\",\"@id\":\"https:\/\/cristianenunes.com.br\/index.php\/instituto-dr\/\",\"url\":\"https:\/\/cristianenunes.com.br\/index.php\/instituto-dr\/\",\"name\":\"Instituto Dr - Cris Nunes\",\"isPartOf\":{\"@id\":\"https:\/\/cristianenunes.com.br\/#website\"},\"primaryImageOfPage\":{\"@id\":\"https:\/\/cristianenunes.com.br\/index.php\/instituto-dr\/#primaryimage\"},\"image\":{\"@id\":\"https:\/\/cristianenunes.com.br\/index.php\/instituto-dr\/#primaryimage\"},\"thumbnailUrl\":\"http:\/\/cristianenunes.com.br\/wp-content\/uploads\/2023\/07\/SIMBOLO.png\",\"datePublished\":\"2023-07-21T13:30:13+00:00\",\"dateModified\":\"2023-08-17T00:35:39+00:00\",\"breadcrumb\":{\"@id\":\"https:\/\/cristianenunes.com.br\/index.php\/instituto-dr\/#breadcrumb\"},\"inLanguage\":\"pt-BR\",\"potentialAction\":[{\"@type\":\"ReadAction\",\"target\":[\"https:\/\/cristianenunes.com.br\/index.php\/instituto-dr\/\"]}]},{\"@type\":\"ImageObject\",\"inLanguage\":\"pt-BR\",\"@id\":\"https:\/\/cristianenunes.com.br\/index.php\/instituto-dr\/#primaryimage\",\"url\":\"https:\/\/cristianenunes.com.br\/wp-content\/uploads\/2023\/07\/SIMBOLO.png\",\"contentUrl\":\"https:\/\/cristianenunes.com.br\/wp-content\/uploads\/2023\/07\/SIMBOLO.png\",\"width\":1920,\"height\":600},{\"@type\":\"BreadcrumbList\",\"@id\":\"https:\/\/cristianenunes.com.br\/index.php\/instituto-dr\/#breadcrumb\",\"itemListElement\":[{\"@type\":\"ListItem\",\"position\":1,\"name\":\"In\u00edcio\",\"item\":\"https:\/\/cristianenunes.com.br\/\"},{\"@type\":\"ListItem\",\"position\":2,\"name\":\"Instituto Dr\"}]},{\"@type\":\"WebSite\",\"@id\":\"https:\/\/cristianenunes.com.br\/#website\",\"url\":\"https:\/\/cristianenunes.com.br\/\",\"name\":\"Cristiane Nunes Designer\",\"description\":\"Designer de Projetos Visuais\",\"publisher\":{\"@id\":\"https:\/\/cristianenunes.com.br\/#organization\"},\"alternateName\":\"Cris Nunes Designer\",\"potentialAction\":[{\"@type\":\"SearchAction\",\"target\":{\"@type\":\"EntryPoint\",\"urlTemplate\":\"https:\/\/cristianenunes.com.br\/?s={search_term_string}\"},\"query-input\":{\"@type\":\"PropertyValueSpecification\",\"valueRequired\":true,\"valueName\":\"search_term_string\"}}],\"inLanguage\":\"pt-BR\"},{\"@type\":\"Organization\",\"@id\":\"https:\/\/cristianenunes.com.br\/#organization\",\"name\":\"Cristiane Nunes Designer\",\"alternateName\":\"Cris Nunes Designer\",\"url\":\"https:\/\/cristianenunes.com.br\/\",\"logo\":{\"@type\":\"ImageObject\",\"inLanguage\":\"pt-BR\",\"@id\":\"https:\/\/cristianenunes.com.br\/#\/schema\/logo\/image\/\",\"url\":\"https:\/\/cristianenunes.com.br\/wp-content\/uploads\/2023\/08\/cropped-logo-menu.png\",\"contentUrl\":\"https:\/\/cristianenunes.com.br\/wp-content\/uploads\/2023\/08\/cropped-logo-menu.png\",\"width\":184,\"height\":99,\"caption\":\"Cristiane Nunes Designer\"},\"image\":{\"@id\":\"https:\/\/cristianenunes.com.br\/#\/schema\/logo\/image\/\"},\"sameAs\":[\"https:\/\/www.facebook.com\/cristiane.nunes.39142\",\"https:\/\/www.instagram.com\/crisnunes_designer\"]}]}<\/script>\n<!-- \/ Yoast SEO plugin. -->","yoast_head_json":{"title":"Instituto Dr - Cris Nunes","robots":{"index":"index","follow":"follow","max-snippet":"max-snippet:-1","max-image-preview":"max-image-preview:large","max-video-preview":"max-video-preview:-1"},"canonical":"https:\/\/cristianenunes.com.br\/index.php\/instituto-dr\/","og_locale":"pt_BR","og_type":"article","og_title":"Instituto Dr - Cris Nunes","og_description":"INSTITUTO DR. CL\u00cdNICA INTEGRADA DE SA\u00daDE&nbsp;E BEM-ESTAR A Instituto Dr. \u00e9 uma cl\u00ednica integrada de cuidados odontol\u00f3gicos,\u00a0m\u00e9dicos, est\u00e9ticos e cursos de especializa\u00e7\u00e3o. Com 10\u00a0anos de experi\u00eancia \u00e9\u00a0reconhecida por seu alto padr\u00e3o de qualidade, confian\u00e7a e seriedade. Os objetivos para a constru\u00e7\u00e3o da marca Instituto Dr., foram pautados na autenticidade, valores e diferenciais do neg\u00f3cio.\u00a0 Os [&hellip;]","og_url":"https:\/\/cristianenunes.com.br\/index.php\/instituto-dr\/","og_site_name":"Cris Nunes","article_publisher":"https:\/\/www.facebook.com\/cristiane.nunes.39142","article_modified_time":"2023-08-17T00:35:39+00:00","og_image":[{"url":"http:\/\/cristianenunes.com.br\/wp-content\/uploads\/2023\/07\/SIMBOLO.png"}],"twitter_card":"summary_large_image","twitter_misc":{"Est. tempo de leitura":"1 minuto"},"schema":{"@context":"https:\/\/schema.org","@graph":[{"@type":"WebPage","@id":"https:\/\/cristianenunes.com.br\/index.php\/instituto-dr\/","url":"https:\/\/cristianenunes.com.br\/index.php\/instituto-dr\/","name":"Instituto Dr - Cris Nunes","isPartOf":{"@id":"https:\/\/cristianenunes.com.br\/#website"},"primaryImageOfPage":{"@id":"https:\/\/cristianenunes.com.br\/index.php\/instituto-dr\/#primaryimage"},"image":{"@id":"https:\/\/cristianenunes.com.br\/index.php\/instituto-dr\/#primaryimage"},"thumbnailUrl":"http:\/\/cristianenunes.com.br\/wp-content\/uploads\/2023\/07\/SIMBOLO.png","datePublished":"2023-07-21T13:30:13+00:00","dateModified":"2023-08-17T00:35:39+00:00","breadcrumb":{"@id":"https:\/\/cristianenunes.com.br\/index.php\/instituto-dr\/#breadcrumb"},"inLanguage":"pt-BR","potentialAction":[{"@type":"ReadAction","target":["https:\/\/cristianenunes.com.br\/index.php\/instituto-dr\/"]}]},{"@type":"ImageObject","inLanguage":"pt-BR","@id":"https:\/\/cristianenunes.com.br\/index.php\/instituto-dr\/#primaryimage","url":"https:\/\/cristianenunes.com.br\/wp-content\/uploads\/2023\/07\/SIMBOLO.png","contentUrl":"https:\/\/cristianenunes.com.br\/wp-content\/uploads\/2023\/07\/SIMBOLO.png","width":1920,"height":600},{"@type":"BreadcrumbList","@id":"https:\/\/cristianenunes.com.br\/index.php\/instituto-dr\/#breadcrumb","itemListElement":[{"@type":"ListItem","position":1,"name":"In\u00edcio","item":"https:\/\/cristianenunes.com.br\/"},{"@type":"ListItem","position":2,"name":"Instituto Dr"}]},{"@type":"WebSite","@id":"https:\/\/cristianenunes.com.br\/#website","url":"https:\/\/cristianenunes.com.br\/","name":"Cristiane Nunes Designer","description":"Designer de Projetos Visuais","publisher":{"@id":"https:\/\/cristianenunes.com.br\/#organization"},"alternateName":"Cris Nunes Designer","potentialAction":[{"@type":"SearchAction","target":{"@type":"EntryPoint","urlTemplate":"https:\/\/cristianenunes.com.br\/?s={search_term_string}"},"query-input":{"@type":"PropertyValueSpecification","valueRequired":true,"valueName":"search_term_string"}}],"inLanguage":"pt-BR"},{"@type":"Organization","@id":"https:\/\/cristianenunes.com.br\/#organization","name":"Cristiane Nunes Designer","alternateName":"Cris Nunes Designer","url":"https:\/\/cristianenunes.com.br\/","logo":{"@type":"ImageObject","inLanguage":"pt-BR","@id":"https:\/\/cristianenunes.com.br\/#\/schema\/logo\/image\/","url":"https:\/\/cristianenunes.com.br\/wp-content\/uploads\/2023\/08\/cropped-logo-menu.png","contentUrl":"https:\/\/cristianenunes.com.br\/wp-content\/uploads\/2023\/08\/cropped-logo-menu.png","width":184,"height":99,"caption":"Cristiane Nunes Designer"},"image":{"@id":"https:\/\/cristianenunes.com.br\/#\/schema\/logo\/image\/"},"sameAs":["https:\/\/www.facebook.com\/cristiane.nunes.39142","https:\/\/www.instagram.com\/crisnunes_designer"]}]}},"_links":{"self":[{"href":"https:\/\/cristianenunes.com.br\/index.php\/wp-json\/wp\/v2\/pages\/1187"}],"collection":[{"href":"https:\/\/cristianenunes.com.br\/index.php\/wp-json\/wp\/v2\/pages"}],"about":[{"href":"https:\/\/cristianenunes.com.br\/index.php\/wp-json\/wp\/v2\/types\/page"}],"author":[{"embeddable":true,"href":"https:\/\/cristianenunes.com.br\/index.php\/wp-json\/wp\/v2\/users\/1"}],"replies":[{"embeddable":true,"href":"https:\/\/cristianenunes.com.br\/index.php\/wp-json\/wp\/v2\/comments?post=1187"}],"version-history":[{"count":223,"href":"https:\/\/cristianenunes.com.br\/index.php\/wp-json\/wp\/v2\/pages\/1187\/revisions"}],"predecessor-version":[{"id":2603,"href":"https:\/\/cristianenunes.com.br\/index.php\/wp-json\/wp\/v2\/pages\/1187\/revisions\/2603"}],"wp:attachment":[{"href":"https:\/\/cristianenunes.com.br\/index.php\/wp-json\/wp\/v2\/media?parent=1187"}],"curies":[{"name":"wp","href":"https:\/\/api.w.org\/{rel}","templated":true}]}}