{"id":1163,"date":"2023-07-21T10:07:51","date_gmt":"2023-07-21T13:07:51","guid":{"rendered":"https:\/\/cristianenunes.com.br\/?page_id=1163"},"modified":"2023-08-16T21:18:21","modified_gmt":"2023-08-17T00:18:21","slug":"panda-click","status":"publish","type":"page","link":"https:\/\/cristianenunes.com.br\/index.php\/panda-click\/","title":{"rendered":"Panda Click"},"content":{"rendered":"\t\t<div data-elementor-type=\"wp-page\" data-elementor-id=\"1163\" class=\"elementor elementor-1163\">\n\t\t\t\t<div class=\"elementor-element elementor-element-f773bd8 e-flex e-con-boxed e-con e-parent\" data-id=\"f773bd8\" data-element_type=\"container\" data-settings=\"{&quot;background_background&quot;:&quot;classic&quot;}\">\n\t\t\t\t\t<div class=\"e-con-inner\">\n\t\t\t\t\t<\/div>\n\t\t\t\t<\/div>\n\t\t<div class=\"elementor-element elementor-element-c5101ee e-flex e-con-boxed e-con e-parent\" data-id=\"c5101ee\" data-element_type=\"container\">\n\t\t\t\t\t<div class=\"e-con-inner\">\n\t\t<div class=\"elementor-element elementor-element-a25ee62 e-con-full e-flex e-con e-child\" data-id=\"a25ee62\" data-element_type=\"container\">\n\t\t\t\t<div class=\"elementor-element elementor-element-25778c7 elementor-widget elementor-widget-heading\" data-id=\"25778c7\" data-element_type=\"widget\" data-widget_type=\"heading.default\">\n\t\t\t\t<div class=\"elementor-widget-container\">\n\t\t\t\t\t<h2 class=\"elementor-heading-title elementor-size-default\">Panda Click<\/h2>\t\t\t\t<\/div>\n\t\t\t\t<\/div>\n\t\t\t\t<\/div>\n\t\t<div class=\"elementor-element elementor-element-186296f e-con-full e-flex e-con e-child\" data-id=\"186296f\" data-element_type=\"container\">\n\t\t\t\t<div class=\"elementor-element elementor-element-663cfea elementor-widget elementor-widget-text-editor\" data-id=\"663cfea\" data-element_type=\"widget\" data-widget_type=\"text-editor.default\">\n\t\t\t\t<div class=\"elementor-widget-container\">\n\t\t\t\t\t\t\t\t\t<p><span style=\"font-style: inherit; font-weight: inherit; color: var( --e-global-color-text ); font-family: var( --e-global-typography-text-font-family ), Sans-serif; text-align: var(--text-align);\">A Panda Click \u00e9 uma marca de fotografia infantil que teve seu \u00edcone caracterizado por um panda em jun\u00e7\u00e3o a uma lente fotogr\u00e1fica. Essa combina\u00e7\u00e3o foi um desejo da fot\u00f3grafa que \u00e9 uma apaixonada pela arte do click e tamb\u00e9m pelo bichinho panda.&nbsp;<\/span><br><\/p><p>O resultado foi um \u00edcone minimalista e moderno com muita personalidade.<\/p>\n<p><br><\/p>\t\t\t\t\t\t\t\t<\/div>\n\t\t\t\t<\/div>\n\t\t\t\t<\/div>\n\t\t\t\t\t<\/div>\n\t\t\t\t<\/div>\n\t\t<div class=\"elementor-element elementor-element-409f9da e-flex e-con-boxed e-con e-parent\" data-id=\"409f9da\" data-element_type=\"container\">\n\t\t\t\t\t<div class=\"e-con-inner\">\n\t\t\t\t<div class=\"elementor-element elementor-element-6ce7a00 elementor-widget elementor-widget-image\" data-id=\"6ce7a00\" data-element_type=\"widget\" data-widget_type=\"image.default\">\n\t\t\t\t<div class=\"elementor-widget-container\">\n\t\t\t\t\t\t\t\t\t\t\t\t\t\t\t<img fetchpriority=\"high\" decoding=\"async\" width=\"768\" height=\"600\" src=\"https:\/\/cristianenunes.com.br\/wp-content\/uploads\/2023\/07\/carrtao-pc.png\" class=\"attachment-full size-full wp-image-1839\" alt=\"\" srcset=\"https:\/\/cristianenunes.com.br\/wp-content\/uploads\/2023\/07\/carrtao-pc.png 768w, https:\/\/cristianenunes.com.br\/wp-content\/uploads\/2023\/07\/carrtao-pc-300x234.png 300w\" sizes=\"(max-width: 768px) 100vw, 768px\" \/>\t\t\t\t\t\t\t\t\t\t\t\t\t\t\t<\/div>\n\t\t\t\t<\/div>\n\t\t\t\t\t<\/div>\n\t\t\t\t<\/div>\n\t\t<div class=\"elementor-element elementor-element-6218cdf e-con-full e-flex e-con e-parent\" data-id=\"6218cdf\" data-element_type=\"container\">\n\t\t<div class=\"elementor-element elementor-element-44291c8 e-con-full e-flex e-con e-child\" data-id=\"44291c8\" data-element_type=\"container\" data-settings=\"{&quot;background_background&quot;:&quot;classic&quot;}\">\n\t\t\t\t<\/div>\n\t\t<div class=\"elementor-element elementor-element-7b496cb e-con-full e-flex e-con e-child\" data-id=\"7b496cb\" data-element_type=\"container\" data-settings=\"{&quot;background_background&quot;:&quot;classic&quot;}\">\n\t\t\t\t<\/div>\n\t\t\t\t<\/div>\n\t\t<div class=\"elementor-element elementor-element-4c366ae e-con-full e-flex e-con e-parent\" data-id=\"4c366ae\" data-element_type=\"container\">\n\t\t<div class=\"elementor-element elementor-element-84d4d4f e-con-full e-flex e-con e-child\" data-id=\"84d4d4f\" data-element_type=\"container\" data-settings=\"{&quot;background_background&quot;:&quot;classic&quot;}\">\n\t\t\t\t<\/div>\n\t\t<div class=\"elementor-element elementor-element-104889b e-con-full e-flex e-con e-child\" data-id=\"104889b\" data-element_type=\"container\" data-settings=\"{&quot;background_background&quot;:&quot;classic&quot;}\">\n\t\t\t\t<\/div>\n\t\t\t\t<\/div>\n\t\t\t\t<\/div>\n\t\t","protected":false},"excerpt":{"rendered":"<p>Panda Click A Panda Click \u00e9 uma marca de fotografia infantil que teve seu \u00edcone caracterizado por um panda em jun\u00e7\u00e3o a uma lente fotogr\u00e1fica. Essa combina\u00e7\u00e3o foi um desejo da fot\u00f3grafa que \u00e9 uma apaixonada pela arte do click e tamb\u00e9m pelo bichinho panda.&nbsp; O resultado foi um \u00edcone minimalista e moderno com muita [&hellip;]<\/p>\n","protected":false},"author":1,"featured_media":0,"parent":0,"menu_order":0,"comment_status":"closed","ping_status":"closed","template":"elementor_header_footer","meta":{"footnotes":""},"class_list":["post-1163","page","type-page","status-publish","hentry"],"yoast_head":"<!-- This site is optimized with the Yoast SEO plugin v23.5 - https:\/\/yoast.com\/wordpress\/plugins\/seo\/ -->\n<title>Panda Click - Cris Nunes<\/title>\n<meta name=\"robots\" content=\"index, follow, max-snippet:-1, max-image-preview:large, max-video-preview:-1\" \/>\n<link rel=\"canonical\" href=\"https:\/\/cristianenunes.com.br\/index.php\/panda-click\/\" \/>\n<meta property=\"og:locale\" content=\"pt_BR\" \/>\n<meta property=\"og:type\" content=\"article\" \/>\n<meta property=\"og:title\" content=\"Panda Click - Cris Nunes\" \/>\n<meta property=\"og:description\" content=\"Panda Click A Panda Click \u00e9 uma marca de fotografia infantil que teve seu \u00edcone caracterizado por um panda em jun\u00e7\u00e3o a uma lente fotogr\u00e1fica. Essa combina\u00e7\u00e3o foi um desejo da fot\u00f3grafa que \u00e9 uma apaixonada pela arte do click e tamb\u00e9m pelo bichinho panda.&nbsp; O resultado foi um \u00edcone minimalista e moderno com muita [&hellip;]\" \/>\n<meta property=\"og:url\" content=\"https:\/\/cristianenunes.com.br\/index.php\/panda-click\/\" \/>\n<meta property=\"og:site_name\" content=\"Cris Nunes\" \/>\n<meta property=\"article:publisher\" content=\"https:\/\/www.facebook.com\/cristiane.nunes.39142\" \/>\n<meta property=\"article:modified_time\" content=\"2023-08-17T00:18:21+00:00\" \/>\n<meta property=\"og:image\" content=\"http:\/\/cristianenunes.com.br\/wp-content\/uploads\/2023\/07\/carrtao-pc.png\" \/>\n<meta name=\"twitter:card\" content=\"summary_large_image\" \/>\n<script type=\"application\/ld+json\" class=\"yoast-schema-graph\">{\"@context\":\"https:\/\/schema.org\",\"@graph\":[{\"@type\":\"WebPage\",\"@id\":\"https:\/\/cristianenunes.com.br\/index.php\/panda-click\/\",\"url\":\"https:\/\/cristianenunes.com.br\/index.php\/panda-click\/\",\"name\":\"Panda Click - Cris Nunes\",\"isPartOf\":{\"@id\":\"https:\/\/cristianenunes.com.br\/#website\"},\"primaryImageOfPage\":{\"@id\":\"https:\/\/cristianenunes.com.br\/index.php\/panda-click\/#primaryimage\"},\"image\":{\"@id\":\"https:\/\/cristianenunes.com.br\/index.php\/panda-click\/#primaryimage\"},\"thumbnailUrl\":\"http:\/\/cristianenunes.com.br\/wp-content\/uploads\/2023\/07\/carrtao-pc.png\",\"datePublished\":\"2023-07-21T13:07:51+00:00\",\"dateModified\":\"2023-08-17T00:18:21+00:00\",\"breadcrumb\":{\"@id\":\"https:\/\/cristianenunes.com.br\/index.php\/panda-click\/#breadcrumb\"},\"inLanguage\":\"pt-BR\",\"potentialAction\":[{\"@type\":\"ReadAction\",\"target\":[\"https:\/\/cristianenunes.com.br\/index.php\/panda-click\/\"]}]},{\"@type\":\"ImageObject\",\"inLanguage\":\"pt-BR\",\"@id\":\"https:\/\/cristianenunes.com.br\/index.php\/panda-click\/#primaryimage\",\"url\":\"https:\/\/cristianenunes.com.br\/wp-content\/uploads\/2023\/07\/carrtao-pc.png\",\"contentUrl\":\"https:\/\/cristianenunes.com.br\/wp-content\/uploads\/2023\/07\/carrtao-pc.png\",\"width\":768,\"height\":600},{\"@type\":\"BreadcrumbList\",\"@id\":\"https:\/\/cristianenunes.com.br\/index.php\/panda-click\/#breadcrumb\",\"itemListElement\":[{\"@type\":\"ListItem\",\"position\":1,\"name\":\"In\u00edcio\",\"item\":\"https:\/\/cristianenunes.com.br\/\"},{\"@type\":\"ListItem\",\"position\":2,\"name\":\"Panda Click\"}]},{\"@type\":\"WebSite\",\"@id\":\"https:\/\/cristianenunes.com.br\/#website\",\"url\":\"https:\/\/cristianenunes.com.br\/\",\"name\":\"Cristiane Nunes Designer\",\"description\":\"Designer de Projetos Visuais\",\"publisher\":{\"@id\":\"https:\/\/cristianenunes.com.br\/#organization\"},\"alternateName\":\"Cris Nunes Designer\",\"potentialAction\":[{\"@type\":\"SearchAction\",\"target\":{\"@type\":\"EntryPoint\",\"urlTemplate\":\"https:\/\/cristianenunes.com.br\/?s={search_term_string}\"},\"query-input\":{\"@type\":\"PropertyValueSpecification\",\"valueRequired\":true,\"valueName\":\"search_term_string\"}}],\"inLanguage\":\"pt-BR\"},{\"@type\":\"Organization\",\"@id\":\"https:\/\/cristianenunes.com.br\/#organization\",\"name\":\"Cristiane Nunes Designer\",\"alternateName\":\"Cris Nunes Designer\",\"url\":\"https:\/\/cristianenunes.com.br\/\",\"logo\":{\"@type\":\"ImageObject\",\"inLanguage\":\"pt-BR\",\"@id\":\"https:\/\/cristianenunes.com.br\/#\/schema\/logo\/image\/\",\"url\":\"https:\/\/cristianenunes.com.br\/wp-content\/uploads\/2023\/08\/cropped-logo-menu.png\",\"contentUrl\":\"https:\/\/cristianenunes.com.br\/wp-content\/uploads\/2023\/08\/cropped-logo-menu.png\",\"width\":184,\"height\":99,\"caption\":\"Cristiane Nunes Designer\"},\"image\":{\"@id\":\"https:\/\/cristianenunes.com.br\/#\/schema\/logo\/image\/\"},\"sameAs\":[\"https:\/\/www.facebook.com\/cristiane.nunes.39142\",\"https:\/\/www.instagram.com\/crisnunes_designer\"]}]}<\/script>\n<!-- \/ Yoast SEO plugin. -->","yoast_head_json":{"title":"Panda Click - Cris Nunes","robots":{"index":"index","follow":"follow","max-snippet":"max-snippet:-1","max-image-preview":"max-image-preview:large","max-video-preview":"max-video-preview:-1"},"canonical":"https:\/\/cristianenunes.com.br\/index.php\/panda-click\/","og_locale":"pt_BR","og_type":"article","og_title":"Panda Click - Cris Nunes","og_description":"Panda Click A Panda Click \u00e9 uma marca de fotografia infantil que teve seu \u00edcone caracterizado por um panda em jun\u00e7\u00e3o a uma lente fotogr\u00e1fica. Essa combina\u00e7\u00e3o foi um desejo da fot\u00f3grafa que \u00e9 uma apaixonada pela arte do click e tamb\u00e9m pelo bichinho panda.&nbsp; O resultado foi um \u00edcone minimalista e moderno com muita [&hellip;]","og_url":"https:\/\/cristianenunes.com.br\/index.php\/panda-click\/","og_site_name":"Cris Nunes","article_publisher":"https:\/\/www.facebook.com\/cristiane.nunes.39142","article_modified_time":"2023-08-17T00:18:21+00:00","og_image":[{"url":"http:\/\/cristianenunes.com.br\/wp-content\/uploads\/2023\/07\/carrtao-pc.png"}],"twitter_card":"summary_large_image","schema":{"@context":"https:\/\/schema.org","@graph":[{"@type":"WebPage","@id":"https:\/\/cristianenunes.com.br\/index.php\/panda-click\/","url":"https:\/\/cristianenunes.com.br\/index.php\/panda-click\/","name":"Panda Click - Cris Nunes","isPartOf":{"@id":"https:\/\/cristianenunes.com.br\/#website"},"primaryImageOfPage":{"@id":"https:\/\/cristianenunes.com.br\/index.php\/panda-click\/#primaryimage"},"image":{"@id":"https:\/\/cristianenunes.com.br\/index.php\/panda-click\/#primaryimage"},"thumbnailUrl":"http:\/\/cristianenunes.com.br\/wp-content\/uploads\/2023\/07\/carrtao-pc.png","datePublished":"2023-07-21T13:07:51+00:00","dateModified":"2023-08-17T00:18:21+00:00","breadcrumb":{"@id":"https:\/\/cristianenunes.com.br\/index.php\/panda-click\/#breadcrumb"},"inLanguage":"pt-BR","potentialAction":[{"@type":"ReadAction","target":["https:\/\/cristianenunes.com.br\/index.php\/panda-click\/"]}]},{"@type":"ImageObject","inLanguage":"pt-BR","@id":"https:\/\/cristianenunes.com.br\/index.php\/panda-click\/#primaryimage","url":"https:\/\/cristianenunes.com.br\/wp-content\/uploads\/2023\/07\/carrtao-pc.png","contentUrl":"https:\/\/cristianenunes.com.br\/wp-content\/uploads\/2023\/07\/carrtao-pc.png","width":768,"height":600},{"@type":"BreadcrumbList","@id":"https:\/\/cristianenunes.com.br\/index.php\/panda-click\/#breadcrumb","itemListElement":[{"@type":"ListItem","position":1,"name":"In\u00edcio","item":"https:\/\/cristianenunes.com.br\/"},{"@type":"ListItem","position":2,"name":"Panda Click"}]},{"@type":"WebSite","@id":"https:\/\/cristianenunes.com.br\/#website","url":"https:\/\/cristianenunes.com.br\/","name":"Cristiane Nunes Designer","description":"Designer de Projetos Visuais","publisher":{"@id":"https:\/\/cristianenunes.com.br\/#organization"},"alternateName":"Cris Nunes Designer","potentialAction":[{"@type":"SearchAction","target":{"@type":"EntryPoint","urlTemplate":"https:\/\/cristianenunes.com.br\/?s={search_term_string}"},"query-input":{"@type":"PropertyValueSpecification","valueRequired":true,"valueName":"search_term_string"}}],"inLanguage":"pt-BR"},{"@type":"Organization","@id":"https:\/\/cristianenunes.com.br\/#organization","name":"Cristiane Nunes Designer","alternateName":"Cris Nunes Designer","url":"https:\/\/cristianenunes.com.br\/","logo":{"@type":"ImageObject","inLanguage":"pt-BR","@id":"https:\/\/cristianenunes.com.br\/#\/schema\/logo\/image\/","url":"https:\/\/cristianenunes.com.br\/wp-content\/uploads\/2023\/08\/cropped-logo-menu.png","contentUrl":"https:\/\/cristianenunes.com.br\/wp-content\/uploads\/2023\/08\/cropped-logo-menu.png","width":184,"height":99,"caption":"Cristiane Nunes Designer"},"image":{"@id":"https:\/\/cristianenunes.com.br\/#\/schema\/logo\/image\/"},"sameAs":["https:\/\/www.facebook.com\/cristiane.nunes.39142","https:\/\/www.instagram.com\/crisnunes_designer"]}]}},"_links":{"self":[{"href":"https:\/\/cristianenunes.com.br\/index.php\/wp-json\/wp\/v2\/pages\/1163"}],"collection":[{"href":"https:\/\/cristianenunes.com.br\/index.php\/wp-json\/wp\/v2\/pages"}],"about":[{"href":"https:\/\/cristianenunes.com.br\/index.php\/wp-json\/wp\/v2\/types\/page"}],"author":[{"embeddable":true,"href":"https:\/\/cristianenunes.com.br\/index.php\/wp-json\/wp\/v2\/users\/1"}],"replies":[{"embeddable":true,"href":"https:\/\/cristianenunes.com.br\/index.php\/wp-json\/wp\/v2\/comments?post=1163"}],"version-history":[{"count":91,"href":"https:\/\/cristianenunes.com.br\/index.php\/wp-json\/wp\/v2\/pages\/1163\/revisions"}],"predecessor-version":[{"id":2570,"href":"https:\/\/cristianenunes.com.br\/index.php\/wp-json\/wp\/v2\/pages\/1163\/revisions\/2570"}],"wp:attachment":[{"href":"https:\/\/cristianenunes.com.br\/index.php\/wp-json\/wp\/v2\/media?parent=1163"}],"curies":[{"name":"wp","href":"https:\/\/api.w.org\/{rel}","templated":true}]}}